{"id":1345,"date":"2024-04-30T19:44:50","date_gmt":"2024-04-30T17:44:50","guid":{"rendered":"https:\/\/altaviadelmultilinguismo.it\/le-logo\/"},"modified":"2024-07-28T20:33:12","modified_gmt":"2024-07-28T18:33:12","slug":"le-logo","status":"publish","type":"page","link":"https:\/\/altaviadelmultilinguismo.it\/fr\/le-logo\/","title":{"rendered":"Le logo"},"content":{"rendered":"\n<figure class=\"wp-block-image size-large\"><img loading=\"lazy\" decoding=\"async\" width=\"894\" height=\"1046\" src=\"https:\/\/altaviadelmultilinguismo.it\/wp-content\/uploads\/2024\/07\/mappa_dettagliata_fr-1.png\" alt=\"\" class=\"wp-image-1342\" srcset=\"https:\/\/altaviadelmultilinguismo.it\/wp-content\/uploads\/2024\/07\/mappa_dettagliata_fr-1.png 894w, https:\/\/altaviadelmultilinguismo.it\/wp-content\/uploads\/2024\/07\/mappa_dettagliata_fr-1-256x300.png 256w, https:\/\/altaviadelmultilinguismo.it\/wp-content\/uploads\/2024\/07\/mappa_dettagliata_fr-1-875x1024.png 875w, https:\/\/altaviadelmultilinguismo.it\/wp-content\/uploads\/2024\/07\/mappa_dettagliata_fr-1-768x899.png 768w\" sizes=\"auto, (max-width: 894px) 100vw, 894px\" \/><\/figure>\n\n<p>Le logo que nous avons cr\u00e9\u00e9 pour l\u2019Alta Via du multilinguisme reprend la forme en huit de l\u2019itin\u00e9raire que nous avons trac\u00e9 pour couvrir plusieurs zones significatives d\u2019un territoire situ\u00e9 entre les collines de l\u2019Unesco et Cortina d\u2019Ampezzo, en passant par le Cadore et, \u00e0 l\u2019Est, en allant au-del\u00e0 des villages cimbriens du Cansiglio jusqu\u2019au lac de Barcis. Il s\u2019agit d\u2019un itin\u00e9raire qui passe deux fois par Sedico et qui englobe les parcs naturels des Dolomites de Belluno et du Frioul. Le huit fait r\u00e9f\u00e9rence au sentiment d\u2019infini inspir\u00e9 par l\u2019exp\u00e9rience de ces zones montagneuses, des sommets du Feltrino aux Dolomites. Les autres symboles inclus dans le logo renvoient aux \u00e9l\u00e9ments significatifs suivants : le cam\u00e9e \u00e0 l\u2019effigie de Canova fait r\u00e9f\u00e9rence \u00e0 la Gypsoth\u00e8que de Possagno, o\u00f9 l\u2019on peut visiter la maison-mus\u00e9e de l\u2019artiste avec les esquisses de certaines de ses cr\u00e9ations c\u00e9l\u00e8bres, et au Tempio Canoviano ; la rame stylis\u00e9e fait r\u00e9f\u00e9rence aux \u00ab boschi da reme \u00bb de la S\u00e9r\u00e9nissime, c\u2019est-\u00e0-dire au bois des for\u00eats locales, utilis\u00e9 au cours des si\u00e8cles pour fabriquer les rames des navires de Venise ; l\u2019edelweiss symbolise la raret\u00e9 et la vari\u00e9t\u00e9 de la flore locale ; la grappe de raisin en bas r\u00e9sume la vocation \u0153nologique des collines de l\u2019Unesco ; les couleurs bleu, blanc et vert font r\u00e9f\u00e9rence au drapeau ladin, mais aussi, avec le rouge, au drapeau tricolore fran\u00e7ais, compte tenu de l\u2019int\u00e9r\u00eat croissant de la France pour la r\u00e9gion. En conclusion, le 8 de l\u2019itin\u00e9raire constitue une synth\u00e8se des principaux \u00e9l\u00e9ments rencontr\u00e9s, mais aussi un symbole des chemins infinis qui, \u00e0 partir de l\u2019itin\u00e9raire, peuvent se greffer et se multiplier, en approfondissant la connaissance du terroir. <\/p>\n","protected":false},"excerpt":{"rendered":"<p>Le logo que nous avons cr\u00e9\u00e9 pour l\u2019Alta Via du multilinguisme reprend la forme en huit de l\u2019itin\u00e9raire que nous avons trac\u00e9 pour couvrir plusieurs zones significatives d\u2019un territoire situ\u00e9 entre les collines de l\u2019Unesco et Cortina d\u2019Ampezzo, en passant par le Cadore et, \u00e0 l\u2019Est, en allant au-del\u00e0 des villages cimbriens du Cansiglio jusqu\u2019au [&hellip;]<\/p>\n","protected":false},"author":1,"featured_media":0,"parent":0,"menu_order":0,"comment_status":"closed","ping_status":"closed","template":"","meta":{"site-sidebar-layout":"default","site-content-layout":"","ast-site-content-layout":"default","site-content-style":"default","site-sidebar-style":"default","ast-global-header-display":"","ast-banner-title-visibility":"","ast-main-header-display":"","ast-hfb-above-header-display":"","ast-hfb-below-header-display":"","ast-hfb-mobile-header-display":"","site-post-title":"","ast-breadcrumbs-content":"","ast-featured-img":"","footer-sml-layout":"","ast-disable-related-posts":"","theme-transparent-header-meta":"","adv-header-id-meta":"","stick-header-meta":"","header-above-stick-meta":"","header-main-stick-meta":"","header-below-stick-meta":"","astra-migrate-meta-layouts":"default","ast-page-background-enabled":"default","ast-page-background-meta":{"desktop":{"background-color":"var(--ast-global-color-4)","background-image":"","background-repeat":"repeat","background-position":"center center","background-size":"auto","background-attachment":"scroll","background-type":"","background-media":"","overlay-type":"","overlay-color":"","overlay-opacity":"","overlay-gradient":""},"tablet":{"background-color":"","background-image":"","background-repeat":"repeat","background-position":"center center","background-size":"auto","background-attachment":"scroll","background-type":"","background-media":"","overlay-type":"","overlay-color":"","overlay-opacity":"","overlay-gradient":""},"mobile":{"background-color":"","background-image":"","background-repeat":"repeat","background-position":"center center","background-size":"auto","background-attachment":"scroll","background-type":"","background-media":"","overlay-type":"","overlay-color":"","overlay-opacity":"","overlay-gradient":""}},"ast-content-background-meta":{"desktop":{"background-color":"var(--ast-global-color-5)","background-image":"","background-repeat":"repeat","background-position":"center center","background-size":"auto","background-attachment":"scroll","background-type":"","background-media":"","overlay-type":"","overlay-color":"","overlay-opacity":"","overlay-gradient":""},"tablet":{"background-color":"var(--ast-global-color-5)","background-image":"","background-repeat":"repeat","background-position":"center center","background-size":"auto","background-attachment":"scroll","background-type":"","background-media":"","overlay-type":"","overlay-color":"","overlay-opacity":"","overlay-gradient":""},"mobile":{"background-color":"var(--ast-global-color-5)","background-image":"","background-repeat":"repeat","background-position":"center center","background-size":"auto","background-attachment":"scroll","background-type":"","background-media":"","overlay-type":"","overlay-color":"","overlay-opacity":"","overlay-gradient":""}},"iawp_total_views":0,"footnotes":""},"class_list":["post-1345","page","type-page","status-publish","hentry"],"yoast_head":"<!-- This site is optimized with the Yoast SEO plugin v27.3 - https:\/\/yoast.com\/product\/yoast-seo-wordpress\/ -->\n<title>Le logo - ALTA VIA DEL MULTILINGUISMO<\/title>\n<meta name=\"robots\" content=\"index, follow, max-snippet:-1, max-image-preview:large, max-video-preview:-1\" \/>\n<link rel=\"canonical\" href=\"https:\/\/altaviadelmultilinguismo.it\/fr\/le-logo\/\" \/>\n<meta property=\"og:locale\" content=\"fr_FR\" \/>\n<meta property=\"og:type\" content=\"article\" \/>\n<meta property=\"og:title\" content=\"Le logo - ALTA VIA DEL MULTILINGUISMO\" \/>\n<meta property=\"og:description\" content=\"Le logo que nous avons cr\u00e9\u00e9 pour l\u2019Alta Via du multilinguisme reprend la forme en huit de l\u2019itin\u00e9raire que nous avons trac\u00e9 pour couvrir plusieurs zones significatives d\u2019un territoire situ\u00e9 entre les collines de l\u2019Unesco et Cortina d\u2019Ampezzo, en passant par le Cadore et, \u00e0 l\u2019Est, en allant au-del\u00e0 des villages cimbriens du Cansiglio jusqu\u2019au [&hellip;]\" \/>\n<meta property=\"og:url\" content=\"https:\/\/altaviadelmultilinguismo.it\/fr\/le-logo\/\" \/>\n<meta property=\"og:site_name\" content=\"ALTA VIA DEL MULTILINGUISMO\" \/>\n<meta property=\"article:modified_time\" content=\"2024-07-28T18:33:12+00:00\" \/>\n<meta property=\"og:image\" content=\"https:\/\/altaviadelmultilinguismo.it\/wp-content\/uploads\/2024\/07\/mappa_dettagliata_ita2-875x1024.png\" \/>\n<meta name=\"twitter:card\" content=\"summary_large_image\" \/>\n<meta name=\"twitter:label1\" content=\"Dur\u00e9e de lecture estim\u00e9e\" \/>\n\t<meta name=\"twitter:data1\" content=\"2 minutes\" \/>\n<script type=\"application\/ld+json\" class=\"yoast-schema-graph\">{\"@context\":\"https:\\\/\\\/schema.org\",\"@graph\":[{\"@type\":\"WebPage\",\"@id\":\"https:\\\/\\\/altaviadelmultilinguismo.it\\\/fr\\\/le-logo\\\/\",\"url\":\"https:\\\/\\\/altaviadelmultilinguismo.it\\\/fr\\\/le-logo\\\/\",\"name\":\"Le logo - ALTA VIA DEL MULTILINGUISMO\",\"isPartOf\":{\"@id\":\"https:\\\/\\\/altaviadelmultilinguismo.it\\\/fr\\\/#website\"},\"primaryImageOfPage\":{\"@id\":\"https:\\\/\\\/altaviadelmultilinguismo.it\\\/fr\\\/le-logo\\\/#primaryimage\"},\"image\":{\"@id\":\"https:\\\/\\\/altaviadelmultilinguismo.it\\\/fr\\\/le-logo\\\/#primaryimage\"},\"thumbnailUrl\":\"https:\\\/\\\/altaviadelmultilinguismo.it\\\/wp-content\\\/uploads\\\/2024\\\/07\\\/mappa_dettagliata_fr-1.png\",\"datePublished\":\"2024-04-30T17:44:50+00:00\",\"dateModified\":\"2024-07-28T18:33:12+00:00\",\"breadcrumb\":{\"@id\":\"https:\\\/\\\/altaviadelmultilinguismo.it\\\/fr\\\/le-logo\\\/#breadcrumb\"},\"inLanguage\":\"fr-FR\",\"potentialAction\":[{\"@type\":\"ReadAction\",\"target\":[\"https:\\\/\\\/altaviadelmultilinguismo.it\\\/fr\\\/le-logo\\\/\"]}]},{\"@type\":\"ImageObject\",\"inLanguage\":\"fr-FR\",\"@id\":\"https:\\\/\\\/altaviadelmultilinguismo.it\\\/fr\\\/le-logo\\\/#primaryimage\",\"url\":\"https:\\\/\\\/altaviadelmultilinguismo.it\\\/wp-content\\\/uploads\\\/2024\\\/07\\\/mappa_dettagliata_fr-1.png\",\"contentUrl\":\"https:\\\/\\\/altaviadelmultilinguismo.it\\\/wp-content\\\/uploads\\\/2024\\\/07\\\/mappa_dettagliata_fr-1.png\"},{\"@type\":\"BreadcrumbList\",\"@id\":\"https:\\\/\\\/altaviadelmultilinguismo.it\\\/fr\\\/le-logo\\\/#breadcrumb\",\"itemListElement\":[{\"@type\":\"ListItem\",\"position\":1,\"name\":\"Home\",\"item\":\"https:\\\/\\\/altaviadelmultilinguismo.it\\\/fr\\\/alta-via-du-multilinguisme\\\/\"},{\"@type\":\"ListItem\",\"position\":2,\"name\":\"Le logo\"}]},{\"@type\":\"WebSite\",\"@id\":\"https:\\\/\\\/altaviadelmultilinguismo.it\\\/fr\\\/#website\",\"url\":\"https:\\\/\\\/altaviadelmultilinguismo.it\\\/fr\\\/\",\"name\":\"ALTA VIA DEL MULTILINGUISMO\",\"description\":\"\",\"publisher\":{\"@id\":\"https:\\\/\\\/altaviadelmultilinguismo.it\\\/fr\\\/#organization\"},\"potentialAction\":[{\"@type\":\"SearchAction\",\"target\":{\"@type\":\"EntryPoint\",\"urlTemplate\":\"https:\\\/\\\/altaviadelmultilinguismo.it\\\/fr\\\/?s={search_term_string}\"},\"query-input\":{\"@type\":\"PropertyValueSpecification\",\"valueRequired\":true,\"valueName\":\"search_term_string\"}}],\"inLanguage\":\"fr-FR\"},{\"@type\":\"Organization\",\"@id\":\"https:\\\/\\\/altaviadelmultilinguismo.it\\\/fr\\\/#organization\",\"name\":\"ALTA VIA DEL MULTILINGUISMO\",\"url\":\"https:\\\/\\\/altaviadelmultilinguismo.it\\\/fr\\\/\",\"logo\":{\"@type\":\"ImageObject\",\"inLanguage\":\"fr-FR\",\"@id\":\"https:\\\/\\\/altaviadelmultilinguismo.it\\\/fr\\\/#\\\/schema\\\/logo\\\/image\\\/\",\"url\":\"https:\\\/\\\/altaviadelmultilinguismo.it\\\/wp-content\\\/uploads\\\/2024\\\/05\\\/cropped-LOGO-ALTA-VIA-DEL-MULTILINGUISMO-ITA-ITA-04-05-24-def.png\",\"contentUrl\":\"https:\\\/\\\/altaviadelmultilinguismo.it\\\/wp-content\\\/uploads\\\/2024\\\/05\\\/cropped-LOGO-ALTA-VIA-DEL-MULTILINGUISMO-ITA-ITA-04-05-24-def.png\",\"width\":473,\"height\":642,\"caption\":\"ALTA VIA DEL MULTILINGUISMO\"},\"image\":{\"@id\":\"https:\\\/\\\/altaviadelmultilinguismo.it\\\/fr\\\/#\\\/schema\\\/logo\\\/image\\\/\"}}]}<\/script>\n<!-- \/ Yoast SEO plugin. -->","yoast_head_json":{"title":"Le logo - ALTA VIA DEL MULTILINGUISMO","robots":{"index":"index","follow":"follow","max-snippet":"max-snippet:-1","max-image-preview":"max-image-preview:large","max-video-preview":"max-video-preview:-1"},"canonical":"https:\/\/altaviadelmultilinguismo.it\/fr\/le-logo\/","og_locale":"fr_FR","og_type":"article","og_title":"Le logo - ALTA VIA DEL MULTILINGUISMO","og_description":"Le logo que nous avons cr\u00e9\u00e9 pour l\u2019Alta Via du multilinguisme reprend la forme en huit de l\u2019itin\u00e9raire que nous avons trac\u00e9 pour couvrir plusieurs zones significatives d\u2019un territoire situ\u00e9 entre les collines de l\u2019Unesco et Cortina d\u2019Ampezzo, en passant par le Cadore et, \u00e0 l\u2019Est, en allant au-del\u00e0 des villages cimbriens du Cansiglio jusqu\u2019au [&hellip;]","og_url":"https:\/\/altaviadelmultilinguismo.it\/fr\/le-logo\/","og_site_name":"ALTA VIA DEL MULTILINGUISMO","article_modified_time":"2024-07-28T18:33:12+00:00","og_image":[{"url":"https:\/\/altaviadelmultilinguismo.it\/wp-content\/uploads\/2024\/07\/mappa_dettagliata_ita2-875x1024.png","type":"","width":"","height":""}],"twitter_card":"summary_large_image","twitter_misc":{"Dur\u00e9e de lecture estim\u00e9e":"2 minutes"},"schema":{"@context":"https:\/\/schema.org","@graph":[{"@type":"WebPage","@id":"https:\/\/altaviadelmultilinguismo.it\/fr\/le-logo\/","url":"https:\/\/altaviadelmultilinguismo.it\/fr\/le-logo\/","name":"Le logo - ALTA VIA DEL MULTILINGUISMO","isPartOf":{"@id":"https:\/\/altaviadelmultilinguismo.it\/fr\/#website"},"primaryImageOfPage":{"@id":"https:\/\/altaviadelmultilinguismo.it\/fr\/le-logo\/#primaryimage"},"image":{"@id":"https:\/\/altaviadelmultilinguismo.it\/fr\/le-logo\/#primaryimage"},"thumbnailUrl":"https:\/\/altaviadelmultilinguismo.it\/wp-content\/uploads\/2024\/07\/mappa_dettagliata_fr-1.png","datePublished":"2024-04-30T17:44:50+00:00","dateModified":"2024-07-28T18:33:12+00:00","breadcrumb":{"@id":"https:\/\/altaviadelmultilinguismo.it\/fr\/le-logo\/#breadcrumb"},"inLanguage":"fr-FR","potentialAction":[{"@type":"ReadAction","target":["https:\/\/altaviadelmultilinguismo.it\/fr\/le-logo\/"]}]},{"@type":"ImageObject","inLanguage":"fr-FR","@id":"https:\/\/altaviadelmultilinguismo.it\/fr\/le-logo\/#primaryimage","url":"https:\/\/altaviadelmultilinguismo.it\/wp-content\/uploads\/2024\/07\/mappa_dettagliata_fr-1.png","contentUrl":"https:\/\/altaviadelmultilinguismo.it\/wp-content\/uploads\/2024\/07\/mappa_dettagliata_fr-1.png"},{"@type":"BreadcrumbList","@id":"https:\/\/altaviadelmultilinguismo.it\/fr\/le-logo\/#breadcrumb","itemListElement":[{"@type":"ListItem","position":1,"name":"Home","item":"https:\/\/altaviadelmultilinguismo.it\/fr\/alta-via-du-multilinguisme\/"},{"@type":"ListItem","position":2,"name":"Le logo"}]},{"@type":"WebSite","@id":"https:\/\/altaviadelmultilinguismo.it\/fr\/#website","url":"https:\/\/altaviadelmultilinguismo.it\/fr\/","name":"ALTA VIA DEL MULTILINGUISMO","description":"","publisher":{"@id":"https:\/\/altaviadelmultilinguismo.it\/fr\/#organization"},"potentialAction":[{"@type":"SearchAction","target":{"@type":"EntryPoint","urlTemplate":"https:\/\/altaviadelmultilinguismo.it\/fr\/?s={search_term_string}"},"query-input":{"@type":"PropertyValueSpecification","valueRequired":true,"valueName":"search_term_string"}}],"inLanguage":"fr-FR"},{"@type":"Organization","@id":"https:\/\/altaviadelmultilinguismo.it\/fr\/#organization","name":"ALTA VIA DEL MULTILINGUISMO","url":"https:\/\/altaviadelmultilinguismo.it\/fr\/","logo":{"@type":"ImageObject","inLanguage":"fr-FR","@id":"https:\/\/altaviadelmultilinguismo.it\/fr\/#\/schema\/logo\/image\/","url":"https:\/\/altaviadelmultilinguismo.it\/wp-content\/uploads\/2024\/05\/cropped-LOGO-ALTA-VIA-DEL-MULTILINGUISMO-ITA-ITA-04-05-24-def.png","contentUrl":"https:\/\/altaviadelmultilinguismo.it\/wp-content\/uploads\/2024\/05\/cropped-LOGO-ALTA-VIA-DEL-MULTILINGUISMO-ITA-ITA-04-05-24-def.png","width":473,"height":642,"caption":"ALTA VIA DEL MULTILINGUISMO"},"image":{"@id":"https:\/\/altaviadelmultilinguismo.it\/fr\/#\/schema\/logo\/image\/"}}]}},"_links":{"self":[{"href":"https:\/\/altaviadelmultilinguismo.it\/fr\/wp-json\/wp\/v2\/pages\/1345","targetHints":{"allow":["GET"]}}],"collection":[{"href":"https:\/\/altaviadelmultilinguismo.it\/fr\/wp-json\/wp\/v2\/pages"}],"about":[{"href":"https:\/\/altaviadelmultilinguismo.it\/fr\/wp-json\/wp\/v2\/types\/page"}],"author":[{"embeddable":true,"href":"https:\/\/altaviadelmultilinguismo.it\/fr\/wp-json\/wp\/v2\/users\/1"}],"replies":[{"embeddable":true,"href":"https:\/\/altaviadelmultilinguismo.it\/fr\/wp-json\/wp\/v2\/comments?post=1345"}],"version-history":[{"count":1,"href":"https:\/\/altaviadelmultilinguismo.it\/fr\/wp-json\/wp\/v2\/pages\/1345\/revisions"}],"predecessor-version":[{"id":1346,"href":"https:\/\/altaviadelmultilinguismo.it\/fr\/wp-json\/wp\/v2\/pages\/1345\/revisions\/1346"}],"wp:attachment":[{"href":"https:\/\/altaviadelmultilinguismo.it\/fr\/wp-json\/wp\/v2\/media?parent=1345"}],"curies":[{"name":"wp","href":"https:\/\/api.w.org\/{rel}","templated":true}]}}