{"id":1363,"date":"2023-10-04T21:44:14","date_gmt":"2023-10-04T19:44:14","guid":{"rendered":"https:\/\/altaviadelmultilinguismo.it\/a-propos-de-nous\/"},"modified":"2024-11-13T13:20:14","modified_gmt":"2024-11-13T12:20:14","slug":"qui-sommes-nous","status":"publish","type":"page","link":"https:\/\/altaviadelmultilinguismo.it\/fr\/qui-sommes-nous\/","title":{"rendered":"Qui sommes-nous"},"content":{"rendered":"\n<div class=\"wp-block-media-text is-stacked-on-mobile\"><figure class=\"wp-block-media-text__media\"><a href=\"https:\/\/www.consorzioinest.it\/ecosystems-for-mountain-innovations\/\"><img loading=\"lazy\" decoding=\"async\" width=\"500\" height=\"483\" src=\"https:\/\/altaviadelmultilinguismo.it\/wp-content\/uploads\/2023\/10\/Immagine-2023-07-03-234300.png\" alt=\"\" class=\"wp-image-297 size-full\" srcset=\"https:\/\/altaviadelmultilinguismo.it\/wp-content\/uploads\/2023\/10\/Immagine-2023-07-03-234300.png 500w, https:\/\/altaviadelmultilinguismo.it\/wp-content\/uploads\/2023\/10\/Immagine-2023-07-03-234300-300x290.png 300w\" sizes=\"auto, (max-width: 500px) 100vw, 500px\" \/><\/a><\/figure><div class=\"wp-block-media-text__content\">\n<p class=\"has-text-align-left\">Le projet Alta Via du multilinguisme fait partie d\u2019un projet de recherche plus vaste, ax\u00e9 sur les zones montagneuses de la r\u00e9gion du Triveneto: <a href=\"https:\/\/www.consorzioinest.it\/\">iNE<\/a><a href=\"https:\/\/www.consorzioinest.it\/ecosystems-for-mountain-innovations\/\">ST<\/a> <em>(Interconnected North-East Innovation Ecosystem<\/em>). <br\/>L\u2019objectif principal est de r\u00e9tablir le lien entre la tradition et le tourisme, afin de promouvoir un tourisme plus responsable et durable. Nous tenons compte, notamment, de la perspective novatrice de la Linguistique du D\u00e9veloppement Social, qui vise \u00e0 am\u00e9liorer les conditions de vie des individus et des communaut\u00e9s par un travail sur les patrimoines linguistiques, culturels et m\u00e9moriels. Dans cette optique, qui associe les dimensions sociales, linguistiques et territoriales, la langue est con\u00e7ue \u00ab comme un milieu vivant dans lequel le sujet est immerg\u00e9 \u00bb. En surmontant l\u2019impact de la saisonnalit\u00e9 et contre les risques de standardisation, on esp\u00e8re que le tourisme visant \u00e0 red\u00e9couvrir l\u2019authenticit\u00e9 du territoire, avec ses langues et ses traditions, peut devenir une force motrice pour la valorisation des identit\u00e9s et des \u00ab paysages linguistiques \u00bb en voie d\u2019extinction.<br\/>Conception, textes et photos : Silvia Ferrari. <br\/><br\/><br\/>   <\/p>\n<\/div><\/div>\n\n<p><strong>Remerciements<\/strong> Cette recherche a \u00e9t\u00e9 r\u00e9alis\u00e9e dans le cadre des activit\u00e9s de recherche PNRR du consortium iNEST<em>(Interconnected North-East Innovation Ecosystem<\/em>) financ\u00e9 par l&rsquo;Union europ\u00e9enne Next-GenerationEU (National Recovery and Resilience Plan (PNRR) Mission 4 Component 2, Investment 1.5 D.D. 1058 23\/06\/2022, ECS_000043). Ce manuscrit refl\u00e8te uniquement les vues et opinions de l&rsquo;auteur, et ni l&rsquo;Union europ\u00e9enne ni la Commission europ\u00e9enne ne peuvent \u00eatre consid\u00e9r\u00e9es comme responsables de ces vues et opinions. <\/p>\n","protected":false},"excerpt":{"rendered":"<p>Le projet Alta Via du multilinguisme fait partie d\u2019un projet de recherche plus vaste, ax\u00e9 sur les zones montagneuses de la r\u00e9gion du Triveneto: iNEST (Interconnected North-East Innovation Ecosystem). L\u2019objectif principal est de r\u00e9tablir le lien entre la tradition et le tourisme, afin de promouvoir un tourisme plus responsable et durable. Nous tenons compte, notamment, [&hellip;]<\/p>\n","protected":false},"author":1,"featured_media":0,"parent":0,"menu_order":0,"comment_status":"closed","ping_status":"closed","template":"","meta":{"site-sidebar-layout":"default","site-content-layout":"","ast-site-content-layout":"narrow-width-container","site-content-style":"default","site-sidebar-style":"default","ast-global-header-display":"","ast-banner-title-visibility":"","ast-main-header-display":"","ast-hfb-above-header-display":"","ast-hfb-below-header-display":"","ast-hfb-mobile-header-display":"","site-post-title":"","ast-breadcrumbs-content":"","ast-featured-img":"","footer-sml-layout":"","ast-disable-related-posts":"","theme-transparent-header-meta":"","adv-header-id-meta":"","stick-header-meta":"","header-above-stick-meta":"","header-main-stick-meta":"","header-below-stick-meta":"","astra-migrate-meta-layouts":"default","ast-page-background-enabled":"default","ast-page-background-meta":{"desktop":{"background-color":"var(--ast-global-color-4)","background-image":"","background-repeat":"repeat","background-position":"center center","background-size":"auto","background-attachment":"scroll","background-type":"","background-media":"","overlay-type":"","overlay-color":"","overlay-opacity":"","overlay-gradient":""},"tablet":{"background-color":"","background-image":"","background-repeat":"repeat","background-position":"center center","background-size":"auto","background-attachment":"scroll","background-type":"","background-media":"","overlay-type":"","overlay-color":"","overlay-opacity":"","overlay-gradient":""},"mobile":{"background-color":"","background-image":"","background-repeat":"repeat","background-position":"center center","background-size":"auto","background-attachment":"scroll","background-type":"","background-media":"","overlay-type":"","overlay-color":"","overlay-opacity":"","overlay-gradient":""}},"ast-content-background-meta":{"desktop":{"background-color":"var(--ast-global-color-5)","background-image":"","background-repeat":"repeat","background-position":"center center","background-size":"auto","background-attachment":"scroll","background-type":"","background-media":"","overlay-type":"","overlay-color":"","overlay-opacity":"","overlay-gradient":""},"tablet":{"background-color":"var(--ast-global-color-5)","background-image":"","background-repeat":"repeat","background-position":"center center","background-size":"auto","background-attachment":"scroll","background-type":"","background-media":"","overlay-type":"","overlay-color":"","overlay-opacity":"","overlay-gradient":""},"mobile":{"background-color":"var(--ast-global-color-5)","background-image":"","background-repeat":"repeat","background-position":"center center","background-size":"auto","background-attachment":"scroll","background-type":"","background-media":"","overlay-type":"","overlay-color":"","overlay-opacity":"","overlay-gradient":""}},"iawp_total_views":13,"footnotes":""},"class_list":["post-1363","page","type-page","status-publish","hentry"],"yoast_head":"<!-- This site is optimized with the Yoast SEO plugin v27.3 - https:\/\/yoast.com\/product\/yoast-seo-wordpress\/ -->\n<title>Qui sommes-nous - ALTA VIA DEL MULTILINGUISMO<\/title>\n<meta name=\"robots\" content=\"index, follow, max-snippet:-1, max-image-preview:large, max-video-preview:-1\" \/>\n<link rel=\"canonical\" href=\"https:\/\/altaviadelmultilinguismo.it\/fr\/qui-sommes-nous\/\" \/>\n<meta property=\"og:locale\" content=\"fr_FR\" \/>\n<meta property=\"og:type\" content=\"article\" \/>\n<meta property=\"og:title\" content=\"Qui sommes-nous - ALTA VIA DEL MULTILINGUISMO\" \/>\n<meta property=\"og:description\" content=\"Le projet Alta Via du multilinguisme fait partie d\u2019un projet de recherche plus vaste, ax\u00e9 sur les zones montagneuses de la r\u00e9gion du Triveneto: iNEST (Interconnected North-East Innovation Ecosystem). L\u2019objectif principal est de r\u00e9tablir le lien entre la tradition et le tourisme, afin de promouvoir un tourisme plus responsable et durable. Nous tenons compte, notamment, [&hellip;]\" \/>\n<meta property=\"og:url\" content=\"https:\/\/altaviadelmultilinguismo.it\/fr\/qui-sommes-nous\/\" \/>\n<meta property=\"og:site_name\" content=\"ALTA VIA DEL MULTILINGUISMO\" \/>\n<meta property=\"article:modified_time\" content=\"2024-11-13T12:20:14+00:00\" \/>\n<meta property=\"og:image\" content=\"https:\/\/altaviadelmultilinguismo.it\/wp-content\/uploads\/2023\/10\/Immagine-2023-07-03-234300.png\" \/>\n<meta name=\"twitter:card\" content=\"summary_large_image\" \/>\n<meta name=\"twitter:label1\" content=\"Dur\u00e9e de lecture estim\u00e9e\" \/>\n\t<meta name=\"twitter:data1\" content=\"1 minute\" \/>\n<script type=\"application\/ld+json\" class=\"yoast-schema-graph\">{\"@context\":\"https:\\\/\\\/schema.org\",\"@graph\":[{\"@type\":\"WebPage\",\"@id\":\"https:\\\/\\\/altaviadelmultilinguismo.it\\\/fr\\\/qui-sommes-nous\\\/\",\"url\":\"https:\\\/\\\/altaviadelmultilinguismo.it\\\/fr\\\/qui-sommes-nous\\\/\",\"name\":\"Qui sommes-nous - ALTA VIA DEL MULTILINGUISMO\",\"isPartOf\":{\"@id\":\"https:\\\/\\\/altaviadelmultilinguismo.it\\\/fr\\\/#website\"},\"primaryImageOfPage\":{\"@id\":\"https:\\\/\\\/altaviadelmultilinguismo.it\\\/fr\\\/qui-sommes-nous\\\/#primaryimage\"},\"image\":{\"@id\":\"https:\\\/\\\/altaviadelmultilinguismo.it\\\/fr\\\/qui-sommes-nous\\\/#primaryimage\"},\"thumbnailUrl\":\"https:\\\/\\\/altaviadelmultilinguismo.it\\\/wp-content\\\/uploads\\\/2023\\\/10\\\/Immagine-2023-07-03-234300.png\",\"datePublished\":\"2023-10-04T19:44:14+00:00\",\"dateModified\":\"2024-11-13T12:20:14+00:00\",\"breadcrumb\":{\"@id\":\"https:\\\/\\\/altaviadelmultilinguismo.it\\\/fr\\\/qui-sommes-nous\\\/#breadcrumb\"},\"inLanguage\":\"fr-FR\",\"potentialAction\":[{\"@type\":\"ReadAction\",\"target\":[\"https:\\\/\\\/altaviadelmultilinguismo.it\\\/fr\\\/qui-sommes-nous\\\/\"]}]},{\"@type\":\"ImageObject\",\"inLanguage\":\"fr-FR\",\"@id\":\"https:\\\/\\\/altaviadelmultilinguismo.it\\\/fr\\\/qui-sommes-nous\\\/#primaryimage\",\"url\":\"https:\\\/\\\/altaviadelmultilinguismo.it\\\/wp-content\\\/uploads\\\/2023\\\/10\\\/Immagine-2023-07-03-234300.png\",\"contentUrl\":\"https:\\\/\\\/altaviadelmultilinguismo.it\\\/wp-content\\\/uploads\\\/2023\\\/10\\\/Immagine-2023-07-03-234300.png\"},{\"@type\":\"BreadcrumbList\",\"@id\":\"https:\\\/\\\/altaviadelmultilinguismo.it\\\/fr\\\/qui-sommes-nous\\\/#breadcrumb\",\"itemListElement\":[{\"@type\":\"ListItem\",\"position\":1,\"name\":\"Home\",\"item\":\"https:\\\/\\\/altaviadelmultilinguismo.it\\\/fr\\\/alta-via-du-multilinguisme\\\/\"},{\"@type\":\"ListItem\",\"position\":2,\"name\":\"Qui sommes-nous\"}]},{\"@type\":\"WebSite\",\"@id\":\"https:\\\/\\\/altaviadelmultilinguismo.it\\\/fr\\\/#website\",\"url\":\"https:\\\/\\\/altaviadelmultilinguismo.it\\\/fr\\\/\",\"name\":\"ALTA VIA DEL MULTILINGUISMO\",\"description\":\"\",\"publisher\":{\"@id\":\"https:\\\/\\\/altaviadelmultilinguismo.it\\\/fr\\\/#organization\"},\"potentialAction\":[{\"@type\":\"SearchAction\",\"target\":{\"@type\":\"EntryPoint\",\"urlTemplate\":\"https:\\\/\\\/altaviadelmultilinguismo.it\\\/fr\\\/?s={search_term_string}\"},\"query-input\":{\"@type\":\"PropertyValueSpecification\",\"valueRequired\":true,\"valueName\":\"search_term_string\"}}],\"inLanguage\":\"fr-FR\"},{\"@type\":\"Organization\",\"@id\":\"https:\\\/\\\/altaviadelmultilinguismo.it\\\/fr\\\/#organization\",\"name\":\"ALTA VIA DEL MULTILINGUISMO\",\"url\":\"https:\\\/\\\/altaviadelmultilinguismo.it\\\/fr\\\/\",\"logo\":{\"@type\":\"ImageObject\",\"inLanguage\":\"fr-FR\",\"@id\":\"https:\\\/\\\/altaviadelmultilinguismo.it\\\/fr\\\/#\\\/schema\\\/logo\\\/image\\\/\",\"url\":\"https:\\\/\\\/altaviadelmultilinguismo.it\\\/wp-content\\\/uploads\\\/2024\\\/05\\\/cropped-LOGO-ALTA-VIA-DEL-MULTILINGUISMO-ITA-ITA-04-05-24-def.png\",\"contentUrl\":\"https:\\\/\\\/altaviadelmultilinguismo.it\\\/wp-content\\\/uploads\\\/2024\\\/05\\\/cropped-LOGO-ALTA-VIA-DEL-MULTILINGUISMO-ITA-ITA-04-05-24-def.png\",\"width\":473,\"height\":642,\"caption\":\"ALTA VIA DEL MULTILINGUISMO\"},\"image\":{\"@id\":\"https:\\\/\\\/altaviadelmultilinguismo.it\\\/fr\\\/#\\\/schema\\\/logo\\\/image\\\/\"}}]}<\/script>\n<!-- \/ Yoast SEO plugin. -->","yoast_head_json":{"title":"Qui sommes-nous - ALTA VIA DEL MULTILINGUISMO","robots":{"index":"index","follow":"follow","max-snippet":"max-snippet:-1","max-image-preview":"max-image-preview:large","max-video-preview":"max-video-preview:-1"},"canonical":"https:\/\/altaviadelmultilinguismo.it\/fr\/qui-sommes-nous\/","og_locale":"fr_FR","og_type":"article","og_title":"Qui sommes-nous - ALTA VIA DEL MULTILINGUISMO","og_description":"Le projet Alta Via du multilinguisme fait partie d\u2019un projet de recherche plus vaste, ax\u00e9 sur les zones montagneuses de la r\u00e9gion du Triveneto: iNEST (Interconnected North-East Innovation Ecosystem). L\u2019objectif principal est de r\u00e9tablir le lien entre la tradition et le tourisme, afin de promouvoir un tourisme plus responsable et durable. Nous tenons compte, notamment, [&hellip;]","og_url":"https:\/\/altaviadelmultilinguismo.it\/fr\/qui-sommes-nous\/","og_site_name":"ALTA VIA DEL MULTILINGUISMO","article_modified_time":"2024-11-13T12:20:14+00:00","og_image":[{"url":"https:\/\/altaviadelmultilinguismo.it\/wp-content\/uploads\/2023\/10\/Immagine-2023-07-03-234300.png","type":"","width":"","height":""}],"twitter_card":"summary_large_image","twitter_misc":{"Dur\u00e9e de lecture estim\u00e9e":"1 minute"},"schema":{"@context":"https:\/\/schema.org","@graph":[{"@type":"WebPage","@id":"https:\/\/altaviadelmultilinguismo.it\/fr\/qui-sommes-nous\/","url":"https:\/\/altaviadelmultilinguismo.it\/fr\/qui-sommes-nous\/","name":"Qui sommes-nous - ALTA VIA DEL MULTILINGUISMO","isPartOf":{"@id":"https:\/\/altaviadelmultilinguismo.it\/fr\/#website"},"primaryImageOfPage":{"@id":"https:\/\/altaviadelmultilinguismo.it\/fr\/qui-sommes-nous\/#primaryimage"},"image":{"@id":"https:\/\/altaviadelmultilinguismo.it\/fr\/qui-sommes-nous\/#primaryimage"},"thumbnailUrl":"https:\/\/altaviadelmultilinguismo.it\/wp-content\/uploads\/2023\/10\/Immagine-2023-07-03-234300.png","datePublished":"2023-10-04T19:44:14+00:00","dateModified":"2024-11-13T12:20:14+00:00","breadcrumb":{"@id":"https:\/\/altaviadelmultilinguismo.it\/fr\/qui-sommes-nous\/#breadcrumb"},"inLanguage":"fr-FR","potentialAction":[{"@type":"ReadAction","target":["https:\/\/altaviadelmultilinguismo.it\/fr\/qui-sommes-nous\/"]}]},{"@type":"ImageObject","inLanguage":"fr-FR","@id":"https:\/\/altaviadelmultilinguismo.it\/fr\/qui-sommes-nous\/#primaryimage","url":"https:\/\/altaviadelmultilinguismo.it\/wp-content\/uploads\/2023\/10\/Immagine-2023-07-03-234300.png","contentUrl":"https:\/\/altaviadelmultilinguismo.it\/wp-content\/uploads\/2023\/10\/Immagine-2023-07-03-234300.png"},{"@type":"BreadcrumbList","@id":"https:\/\/altaviadelmultilinguismo.it\/fr\/qui-sommes-nous\/#breadcrumb","itemListElement":[{"@type":"ListItem","position":1,"name":"Home","item":"https:\/\/altaviadelmultilinguismo.it\/fr\/alta-via-du-multilinguisme\/"},{"@type":"ListItem","position":2,"name":"Qui sommes-nous"}]},{"@type":"WebSite","@id":"https:\/\/altaviadelmultilinguismo.it\/fr\/#website","url":"https:\/\/altaviadelmultilinguismo.it\/fr\/","name":"ALTA VIA DEL MULTILINGUISMO","description":"","publisher":{"@id":"https:\/\/altaviadelmultilinguismo.it\/fr\/#organization"},"potentialAction":[{"@type":"SearchAction","target":{"@type":"EntryPoint","urlTemplate":"https:\/\/altaviadelmultilinguismo.it\/fr\/?s={search_term_string}"},"query-input":{"@type":"PropertyValueSpecification","valueRequired":true,"valueName":"search_term_string"}}],"inLanguage":"fr-FR"},{"@type":"Organization","@id":"https:\/\/altaviadelmultilinguismo.it\/fr\/#organization","name":"ALTA VIA DEL MULTILINGUISMO","url":"https:\/\/altaviadelmultilinguismo.it\/fr\/","logo":{"@type":"ImageObject","inLanguage":"fr-FR","@id":"https:\/\/altaviadelmultilinguismo.it\/fr\/#\/schema\/logo\/image\/","url":"https:\/\/altaviadelmultilinguismo.it\/wp-content\/uploads\/2024\/05\/cropped-LOGO-ALTA-VIA-DEL-MULTILINGUISMO-ITA-ITA-04-05-24-def.png","contentUrl":"https:\/\/altaviadelmultilinguismo.it\/wp-content\/uploads\/2024\/05\/cropped-LOGO-ALTA-VIA-DEL-MULTILINGUISMO-ITA-ITA-04-05-24-def.png","width":473,"height":642,"caption":"ALTA VIA DEL MULTILINGUISMO"},"image":{"@id":"https:\/\/altaviadelmultilinguismo.it\/fr\/#\/schema\/logo\/image\/"}}]}},"_links":{"self":[{"href":"https:\/\/altaviadelmultilinguismo.it\/fr\/wp-json\/wp\/v2\/pages\/1363","targetHints":{"allow":["GET"]}}],"collection":[{"href":"https:\/\/altaviadelmultilinguismo.it\/fr\/wp-json\/wp\/v2\/pages"}],"about":[{"href":"https:\/\/altaviadelmultilinguismo.it\/fr\/wp-json\/wp\/v2\/types\/page"}],"author":[{"embeddable":true,"href":"https:\/\/altaviadelmultilinguismo.it\/fr\/wp-json\/wp\/v2\/users\/1"}],"replies":[{"embeddable":true,"href":"https:\/\/altaviadelmultilinguismo.it\/fr\/wp-json\/wp\/v2\/comments?post=1363"}],"version-history":[{"count":3,"href":"https:\/\/altaviadelmultilinguismo.it\/fr\/wp-json\/wp\/v2\/pages\/1363\/revisions"}],"predecessor-version":[{"id":1366,"href":"https:\/\/altaviadelmultilinguismo.it\/fr\/wp-json\/wp\/v2\/pages\/1363\/revisions\/1366"}],"wp:attachment":[{"href":"https:\/\/altaviadelmultilinguismo.it\/fr\/wp-json\/wp\/v2\/media?parent=1363"}],"curies":[{"name":"wp","href":"https:\/\/api.w.org\/{rel}","templated":true}]}}